{"id":941,"date":"2024-02-01T08:35:01","date_gmt":"2024-02-01T07:35:01","guid":{"rendered":"https:\/\/new.calatreumal.com\/politica-de-cookies\/"},"modified":"2026-03-06T08:58:59","modified_gmt":"2026-03-06T07:58:59","slug":"politica-de-cookies","status":"publish","type":"page","link":"https:\/\/new.calatreumal.com\/ca\/politica-de-cookies\/","title":{"rendered":"Pol\u00edtica de Cookies"},"content":{"rendered":"<h1 style=\"text-align: center;\"><b>Pol\u00edtica de cookies<\/b><\/h1>\n<p align=\"justify\">El sitio web <span style=\"color: #0070c0;\"><span lang=\"ca-ES\"><u>https:\/\/calatreumal.com\/<\/u> es responsabilidad de <span lang=\"ca-ES\">JAUME BERTRAN, S.C.P. (en adelante <span lang=\"ca-ES\">CALA TREUMAL), con domicilio social en <span style=\"color: #212529;\"><span lang=\"ca-ES\">C\/Sant Ramon, 6 &#8211; 17300 &#8211; Blanes (Girona) con CIF: J17802646 <span lang=\"ca-ES\">y direcci\u00f3n de correo electr\u00f3nico <span style=\"color: #0070c0;\"><span lang=\"ca-ES\"><u>info@calatreumal.com.<\/u><\/span><\/span><\/span><\/span><\/span><\/span><\/span><\/span><\/span><\/p>\n<p align=\"justify\">Consecuentemente, la utilizaci\u00f3n de cookies se le aplica la presente &#8220;Pol\u00edtica de Uso de Cookies&#8221; que ha sido elaborada con el fin de que el usuario quede informado de los diferentes usos que se llevan a cabo en estos dispositivos y, pueda consentir su tratamiento de manera informada, de conformidad con lo previsto en la legislaci\u00f3n vigente.<\/p>\n<h3><b>\u00bfQu\u00e9 es una cookie?<\/b><\/h3>\n<p align=\"justify\">Una cookie es un fichero que se descarga en su ordenador al acceder el Usuario a determinadas p\u00e1ginas web. Las cookies permiten a una p\u00e1gina web, entre otras cosas, almacenar y recuperar informaci\u00f3n sobre los h\u00e1bitos de navegaci\u00f3n de un usuario o de su equipo y, dependiendo de la informaci\u00f3n que contengan y de la forma en que utilice su equipo, pueden utilizarse para reconocer al usuario.<\/p>\n<h3 align=\"justify\"><b>\u00bfQu\u00e9 tipos de cookies existen?<\/b><\/h3>\n<p align=\"justify\">Existen varios tipos de cookies en funci\u00f3n de distintos criterios:<\/p>\n<p align=\"justify\">En funci\u00f3n del tiempo que permanecen activadas:<\/p>\n<ul>\n<li>\n<p align=\"justify\">Cookies de sesi\u00f3n. Son un tipo de cookies dise\u00f1adas para recabar y almacenar datos mientras el usuario accede a una p\u00e1gina web.<\/p>\n<\/li>\n<li>\n<p align=\"justify\">Cookies permanentes: Son un tipo de cookies en el que los datos siguen almacenados en el terminal y pueden ser accedidos y tratados durante un periodo definido por el responsable de la cookie.<\/p>\n<\/li>\n<\/ul>\n<p>En funci\u00f3n de la titularidad:<\/p>\n<ul>\n<li>\n<p align=\"justify\">Cookies propias. Son las que pertenecen a <span lang=\"ca-ES\">CALA TREUMAL<\/span><\/p>\n<\/li>\n<li>\n<p align=\"justify\">Cookies de terceros. Son aquellas cuya titularidad es de un tercero, distinto de <span lang=\"ca-ES\">CALA TREUMAL, que ser\u00e1 quien trate la informaci\u00f3n recabada.<\/span><\/p>\n<\/li>\n<\/ul>\n<p align=\"justify\">En funci\u00f3n de su finalidad:<\/p>\n<ul>\n<li>\n<p align=\"justify\">Cookies t\u00e9cnicas y\/o de personalizaci\u00f3n. Son aqu\u00e9llas que sirven para mejorar el servicio, localizar incidencias, reconocer al usuario, etc.<\/p>\n<\/li>\n<li>\n<p align=\"justify\">Cookies de an\u00e1lisis y\/o de publicidad. Son aqu\u00e9llas que sirven para analizar informaci\u00f3n sobre la navegaci\u00f3n y ofrecer publicidad, sea gen\u00e9rica o personalizada.<\/p>\n<\/li>\n<\/ul>\n<h3><b>\u00bfQu\u00e9 tipos de cookies son m\u00e1s habituales?<\/b><\/h3>\n<ul>\n<li><strong>T\u00c9CNICAS:<\/strong> Son cookies PROPIAS, de sesi\u00f3n, de identificaci\u00f3n, de configuraci\u00f3n y de registro, estrictamente necesarias para la identificaci\u00f3n del usuario y para la prestaci\u00f3n de los servicios solicitados por el usuario. La informaci\u00f3n obtenida a trav\u00e9s de las mismas es tratada \u00fanicamente por <span lang=\"ca-ES\">CALA TREUMAL<\/span><\/li>\n<li><strong>DE AN\u00c1LISIS:<\/strong> Son aqu\u00e9llas que, bien tratadas por nosotros o por terceros, nos permiten cuantificar el n\u00famero de usuarios y as\u00ed realizar la medici\u00f3n y an\u00e1lisis estad\u00edstico de la utilizaci\u00f3n que hacen los usuarios del servicio ofertado. Para ello se analiza su navegaci\u00f3n en nuestra p\u00e1gina web con el fin de mejorar la oferta de productos o servicios que le ofrecemos.<\/li>\n<li><strong>DE PUBLICIDAD:<\/strong> Son aqu\u00e9llas que, bien tratadas por nosotros o por terceros, permiten la gesti\u00f3n, de la forma m\u00e1s eficaz posible, de los espacios publicitarios que se pudieran incluir en nuestra p\u00e1gina web y\/o almacenan informaci\u00f3n del comportamiento de los usuarios obtenida a trav\u00e9s de la observaci\u00f3n continuada. Gracias a ellas, podemos conocer los h\u00e1bitos de navegaci\u00f3n en internet y mostrarle publicidad relacionada con su perfil de navegaci\u00f3n.<\/li>\n<\/ul>\n<h3 align=\"justify\"><b>\u00bfPara qu\u00e9 sirve una cookie?<\/b><\/h3>\n<p align=\"justify\">Las cookies se utilizan para poder ofrecerle servicios y\/o publicidad personalizados, para analizar el funcionamiento del sistema, reconocerle cuando accede como usuario, localizar incidencias y problemas que puedan surgir y solventarlos en el menor plazo posible, as\u00ed como analizar y medir el uso y actividad de la p\u00e1gina web.<\/p>\n<h3 align=\"justify\"><b>\u00bfSe necesita mi consentimiento para implantar una cookie?<\/b><\/h3>\n<p align=\"justify\">No se precisa el consentimiento para la instalaci\u00f3n de cookies t\u00e9cnicas o las que sean estrictamente necesarias para la prestaci\u00f3n de un servicio de la sociedad de la informaci\u00f3n expresamente solicitado por el destinatario.<\/p>\n<p align=\"justify\">Para el resto, s\u00ed se precisa del consentimiento del interesado que se puede solicitar por distintas v\u00edas. En el caso de <span lang=\"ca-ES\">CALA TREUMAL, se entender\u00e1 otorgado si Vd. acepta las cookies opcionales y no necesarias para el funcionamiento de la web y podr\u00e1 revocar el consentimiento y desactivar las cookies entrando en el apartado \u201cc\u00f3mo desactivar las cookies\u201d que se encuentra al final de este documento.<\/span><\/p>\n<h3 align=\"justify\"><span style=\"font-size: medium;\"><b>\u00bfQu\u00e9 tipos de cookies utiliza esta p\u00e1gina web?<\/b><\/span><\/h3>\n<p align=\"justify\"><span style=\"font-size: medium;\">Cookies t\u00e9cnicas: Son aquellas creadas y gestionadas \u00fanicamente por nosotros, y permiten al usuario la navegaci\u00f3n a trav\u00e9s de nuestra p\u00e1gina web y la utilizaci\u00f3n de las diferentes opciones como, por ejemplo, identificar la sesi\u00f3n, personalizar informaci\u00f3n o acceder a zonas de acceso restringido.<\/span><\/p>\n<p align=\"justify\"><span style=\"font-size: medium;\">El lugar web de <span lang=\"ca-ES\">CALA TREUMAL, utiliza Google Analytics, una herramienta de anal\u00edtica web desarrollada por Google, que ayuda a los propietarios de sitios web a medir c\u00f3mo interact\u00faan los usuarios con el contenido del sitio. Para la prestaci\u00f3n de estos servicios, Google Analytics utilizan cookies que recopilan la informaci\u00f3n, incluida la direcci\u00f3n IP del usuario que ser\u00e1 trasmitida, tratada y almacenada por Google en los t\u00e9rminos fijados en la web Google.com.<\/span><\/span><\/p>\n<p align=\"justify\"><span style=\"font-size: medium;\">Esta web puede contener<span lang=\"ca-ES\"> enlaces a sitios web de terceros con pol\u00edticas de privacidad ajenas a nuestra web\u00a0que usted podr\u00e1 decidir si acepta o no cuando acceda a ellos.<\/span><\/span><\/p>\n<p align=\"justify\"><span style=\"font-size: medium;\">Para m\u00e1s informaci\u00f3n ver: <\/span><\/p>\n<p align=\"justify\"><span style=\"font-size: medium;\"><u><a href=\"https:\/\/developers.google.com\/analytics\/devguides\/collection\/analyticsjs\/cookie-usage\">https:\/\/developers.google.com\/analytics\/devguides\/collection\/analyticsjs\/cookie-usage<\/a><\/u> <\/span><\/p>\n<p align=\"justify\">El dominio web <span lang=\"ca-ES\"><u>https:\/\/calatreumal.com\/<\/u> utiliza los siguientes tipos de cookies:<\/span><\/p>\n<table width=\"697\" cellspacing=\"0\" cellpadding=\"7\">\n<tbody>\n<tr valign=\"top\">\n<td width=\"122\">\n<p align=\"left\">Propiedad<\/p>\n<\/td>\n<td width=\"127\">\n<p align=\"left\">Nombre de la cookie<\/p>\n<\/td>\n<td width=\"316\">\n<p align=\"left\">Finalidad<\/p>\n<\/td>\n<td width=\"73\">\n<p align=\"left\">Expira<\/p>\n<\/td>\n<\/tr>\n<tr valign=\"top\">\n<td width=\"122\" height=\"8\"><\/td>\n<td width=\"127\"><\/td>\n<td width=\"316\"><\/td>\n<td width=\"73\"><\/td>\n<\/tr>\n<\/tbody>\n<\/table>\n<h3><span style=\"font-size: medium;\"><b>\u00bfC\u00f3mo desactivar cookies?<\/b><\/span><\/h3>\n<p><span style=\"font-size: medium;\">Puede permitir, bloquear o eliminar las cookies instaladas en su equipo mediante la configuraci\u00f3n de las opciones del navegador instalado en su ordenador.<\/span><\/p>\n<ul>\n<li>Firefox : <u><a href=\"https:\/\/support.mozilla.org\/es\/kb\/habilitar-y-deshabilitar-cookies-sitios-web-rastrear-preferencias?redirectlocale=es&amp;redirectslug=habilitar-y-deshabilitar-cookies-que-los-sitios-we\">https:\/\/support.mozilla.org\/es\/kb\/habilitar-y-deshabilitar-cookies-sitios-web-rastrear-preferencias?redirectlocale=es&amp;redirectslug=habilitar-y-deshabilitar-cookies-que-los-sitios-we<\/a><\/u><\/li>\n<li>Chrome: <u><a href=\"https:\/\/support.google.com\/chrome\/answer\/95647?hl=es\">https:\/\/support.google.com\/chrome\/answer\/95647?hl=es<\/a><\/u><\/li>\n<\/ul>\n<ul>\n<li>Internet Explorer: <u><a href=\"https:\/\/support.microsoft.com\/es-es\/products\/windows?os=windows-10\">https:\/\/support.microsoft.com\/es-es\/products\/windows?os=windows-10<\/a><\/u><\/li>\n<\/ul>\n<ul>\n<li>Safari: <u><a href=\"https:\/\/support.apple.com\/kb\/ph5042?locale=es_ES\">https:\/\/support.apple.com\/kb\/ph5042?locale=es_ES<\/a><\/u><\/li>\n<\/ul>\n<ul>\n<li>Safari para iOS: <u><a href=\"https:\/\/support.apple.com\/es-es\/HT201265\">https:\/\/support.apple.com\/es-es\/HT201265<\/a><\/u><\/li>\n<\/ul>\n<ul>\n<li>Opera: <u><a href=\"http:\/\/help.opera.com\/Windows\/11.50\/es-ES\/cookies.html\">http:\/\/help.opera.com\/Windows\/11.50\/es-ES\/cookies.html<\/a><\/u><\/li>\n<\/ul>\n<h3 align=\"justify\"><b>Ejercicio de derechos<\/b><\/h3>\n<p align=\"justify\">Puede conocer y ejercer sus derechos en materia de protecci\u00f3n de datos accediendo a nuestra pol\u00edtica de privacidad <span style=\"color: #4472c4;\"><u>https:\/\/calatreumal.com\/\/politica-de-privacidad\/ <\/u><\/span><\/p>\n<h3 align=\"justify\"><b>Informaci\u00f3n adicional<\/b><\/h3>\n<p align=\"justify\">Pueden consultar m\u00e1s informaci\u00f3n en la gu\u00eda sobre el uso de las cookies editada por la AEPD en el siguiente enlace: <u><a href=\"https:\/\/www.aepd.es\/es\/documento\/guia-cookies.pdf\">https:\/\/www.aepd.es\/es\/documento\/guia-cookies.pdf<\/a><\/u><\/p>\n","protected":false},"excerpt":{"rendered":"<p>Pol\u00edtica de cookies El sitio web https:\/\/calatreumal.com\/ es responsabilidad de JAUME BERTRAN, S.C.P. (en adelante CALA TREUMAL), con domicilio social en C\/Sant Ramon, 6 &#8211; 17300 &#8211; Blanes (Girona) con CIF: J17802646 y direcci\u00f3n de correo electr\u00f3nico info@calatreumal.com. Consecuentemente, la utilizaci\u00f3n de cookies se le aplica la presente &#8220;Pol\u00edtica de Uso de Cookies&#8221; que ha [&hellip;]<\/p>\n","protected":false},"author":1,"featured_media":0,"parent":0,"menu_order":0,"comment_status":"closed","ping_status":"closed","template":"","meta":{"footnotes":""},"class_list":["post-941","page","type-page","status-publish","hentry"],"yoast_head":"<!-- This site is optimized with the Yoast SEO plugin v27.1.1 - https:\/\/yoast.com\/product\/yoast-seo-wordpress\/ -->\n<title>Pol\u00edtica de Cookies - Calatreumal<\/title>\n<meta name=\"robots\" content=\"noindex, follow, max-snippet:-1, max-image-preview:large, max-video-preview:-1\" \/>\n<meta property=\"og:locale\" content=\"ca_ES\" \/>\n<meta property=\"og:type\" content=\"article\" \/>\n<meta property=\"og:title\" content=\"Pol\u00edtica de Cookies - Calatreumal\" \/>\n<meta property=\"og:description\" content=\"Pol\u00edtica de cookies El sitio web https:\/\/calatreumal.com\/ es responsabilidad de JAUME BERTRAN, S.C.P. (en adelante CALA TREUMAL), con domicilio social en C\/Sant Ramon, 6 &#8211; 17300 &#8211; Blanes (Girona) con CIF: J17802646 y direcci\u00f3n de correo electr\u00f3nico info@calatreumal.com. Consecuentemente, la utilizaci\u00f3n de cookies se le aplica la presente &#8220;Pol\u00edtica de Uso de Cookies&#8221; que ha [&hellip;]\" \/>\n<meta property=\"og:url\" content=\"https:\/\/new.calatreumal.com\/ca\/politica-de-cookies\/\" \/>\n<meta property=\"og:site_name\" content=\"Calatreumal\" \/>\n<meta property=\"article:modified_time\" content=\"2026-03-06T07:58:59+00:00\" \/>\n<meta name=\"twitter:card\" content=\"summary_large_image\" \/>\n<meta name=\"twitter:label1\" content=\"Temps estimat de lectura\" \/>\n\t<meta name=\"twitter:data1\" content=\"5 minuts\" \/>\n<script type=\"application\/ld+json\" class=\"yoast-schema-graph\">{\"@context\":\"https:\/\/schema.org\",\"@graph\":[{\"@type\":\"WebPage\",\"@id\":\"https:\/\/new.calatreumal.com\/ca\/politica-de-cookies\/\",\"url\":\"https:\/\/new.calatreumal.com\/ca\/politica-de-cookies\/\",\"name\":\"Pol\u00edtica de Cookies - Calatreumal\",\"isPartOf\":{\"@id\":\"https:\/\/new.calatreumal.com\/ca\/#website\"},\"datePublished\":\"2024-02-01T07:35:01+00:00\",\"dateModified\":\"2026-03-06T07:58:59+00:00\",\"breadcrumb\":{\"@id\":\"https:\/\/new.calatreumal.com\/ca\/politica-de-cookies\/#breadcrumb\"},\"inLanguage\":\"ca\",\"potentialAction\":[{\"@type\":\"ReadAction\",\"target\":[\"https:\/\/new.calatreumal.com\/ca\/politica-de-cookies\/\"]}]},{\"@type\":\"BreadcrumbList\",\"@id\":\"https:\/\/new.calatreumal.com\/ca\/politica-de-cookies\/#breadcrumb\",\"itemListElement\":[{\"@type\":\"ListItem\",\"position\":1,\"name\":\"Home\",\"item\":\"https:\/\/new.calatreumal.com\/ca\/\"},{\"@type\":\"ListItem\",\"position\":2,\"name\":\"Pol\u00edtica de Cookies\"}]},{\"@type\":\"WebSite\",\"@id\":\"https:\/\/new.calatreumal.com\/ca\/#website\",\"url\":\"https:\/\/new.calatreumal.com\/ca\/\",\"name\":\"Calatreumal\",\"description\":\"\",\"potentialAction\":[{\"@type\":\"SearchAction\",\"target\":{\"@type\":\"EntryPoint\",\"urlTemplate\":\"https:\/\/new.calatreumal.com\/ca\/?s={search_term_string}\"},\"query-input\":{\"@type\":\"PropertyValueSpecification\",\"valueRequired\":true,\"valueName\":\"search_term_string\"}}],\"inLanguage\":\"ca\"}]}<\/script>\n<!-- \/ Yoast SEO plugin. -->","yoast_head_json":{"title":"Pol\u00edtica de Cookies - Calatreumal","robots":{"index":"noindex","follow":"follow","max-snippet":"max-snippet:-1","max-image-preview":"max-image-preview:large","max-video-preview":"max-video-preview:-1"},"og_locale":"ca_ES","og_type":"article","og_title":"Pol\u00edtica de Cookies - Calatreumal","og_description":"Pol\u00edtica de cookies El sitio web https:\/\/calatreumal.com\/ es responsabilidad de JAUME BERTRAN, S.C.P. (en adelante CALA TREUMAL), con domicilio social en C\/Sant Ramon, 6 &#8211; 17300 &#8211; Blanes (Girona) con CIF: J17802646 y direcci\u00f3n de correo electr\u00f3nico info@calatreumal.com. Consecuentemente, la utilizaci\u00f3n de cookies se le aplica la presente &#8220;Pol\u00edtica de Uso de Cookies&#8221; que ha [&hellip;]","og_url":"https:\/\/new.calatreumal.com\/ca\/politica-de-cookies\/","og_site_name":"Calatreumal","article_modified_time":"2026-03-06T07:58:59+00:00","twitter_card":"summary_large_image","twitter_misc":{"Temps estimat de lectura":"5 minuts"},"schema":{"@context":"https:\/\/schema.org","@graph":[{"@type":"WebPage","@id":"https:\/\/new.calatreumal.com\/ca\/politica-de-cookies\/","url":"https:\/\/new.calatreumal.com\/ca\/politica-de-cookies\/","name":"Pol\u00edtica de Cookies - Calatreumal","isPartOf":{"@id":"https:\/\/new.calatreumal.com\/ca\/#website"},"datePublished":"2024-02-01T07:35:01+00:00","dateModified":"2026-03-06T07:58:59+00:00","breadcrumb":{"@id":"https:\/\/new.calatreumal.com\/ca\/politica-de-cookies\/#breadcrumb"},"inLanguage":"ca","potentialAction":[{"@type":"ReadAction","target":["https:\/\/new.calatreumal.com\/ca\/politica-de-cookies\/"]}]},{"@type":"BreadcrumbList","@id":"https:\/\/new.calatreumal.com\/ca\/politica-de-cookies\/#breadcrumb","itemListElement":[{"@type":"ListItem","position":1,"name":"Home","item":"https:\/\/new.calatreumal.com\/ca\/"},{"@type":"ListItem","position":2,"name":"Pol\u00edtica de Cookies"}]},{"@type":"WebSite","@id":"https:\/\/new.calatreumal.com\/ca\/#website","url":"https:\/\/new.calatreumal.com\/ca\/","name":"Calatreumal","description":"","potentialAction":[{"@type":"SearchAction","target":{"@type":"EntryPoint","urlTemplate":"https:\/\/new.calatreumal.com\/ca\/?s={search_term_string}"},"query-input":{"@type":"PropertyValueSpecification","valueRequired":true,"valueName":"search_term_string"}}],"inLanguage":"ca"}]}},"_links":{"self":[{"href":"https:\/\/new.calatreumal.com\/ca\/wp-json\/wp\/v2\/pages\/941","targetHints":{"allow":["GET"]}}],"collection":[{"href":"https:\/\/new.calatreumal.com\/ca\/wp-json\/wp\/v2\/pages"}],"about":[{"href":"https:\/\/new.calatreumal.com\/ca\/wp-json\/wp\/v2\/types\/page"}],"author":[{"embeddable":true,"href":"https:\/\/new.calatreumal.com\/ca\/wp-json\/wp\/v2\/users\/1"}],"replies":[{"embeddable":true,"href":"https:\/\/new.calatreumal.com\/ca\/wp-json\/wp\/v2\/comments?post=941"}],"version-history":[{"count":5,"href":"https:\/\/new.calatreumal.com\/ca\/wp-json\/wp\/v2\/pages\/941\/revisions"}],"predecessor-version":[{"id":1088,"href":"https:\/\/new.calatreumal.com\/ca\/wp-json\/wp\/v2\/pages\/941\/revisions\/1088"}],"wp:attachment":[{"href":"https:\/\/new.calatreumal.com\/ca\/wp-json\/wp\/v2\/media?parent=941"}],"curies":[{"name":"wp","href":"https:\/\/api.w.org\/{rel}","templated":true}]}}