{"id":939,"date":"2024-03-25T08:21:04","date_gmt":"2024-03-25T08:21:04","guid":{"rendered":"https:\/\/new.calatreumal.com\/noches\/"},"modified":"2025-09-08T08:04:28","modified_gmt":"2025-09-08T08:04:28","slug":"noches","status":"publish","type":"page","link":"https:\/\/new.calatreumal.com\/ca\/noches\/","title":{"rendered":"Noches"},"content":{"rendered":"\n<style type=\"text\/css\" data-created_by=\"avia_inline_auto\" id=\"style-css-av-cnls8-87dbc644e8ee46336288a84021901b7f\">\n.avia-section.av-cnls8-87dbc644e8ee46336288a84021901b7f{\nbackground-repeat:no-repeat;\nbackground-image:url(https:\/\/new.calatreumal.com\/wp-content\/uploads\/2024\/02\/arena-1-scaled.jpg);\nbackground-position:0% 50%;\nbackground-attachment:scroll;\n}\n.avia-section.av-cnls8-87dbc644e8ee46336288a84021901b7f .av-section-color-overlay{\nopacity:0.2;\nbackground-color:#000000;\n}\n<\/style>\n<div id='av_section_1'  class='avia-section av-cnls8-87dbc644e8ee46336288a84021901b7f main_color avia-section-default avia-no-border-styling  avia-builder-el-0  el_before_av_one_full  avia-builder-el-first  avia-full-stretch avia-bg-style-scroll av-section-color-overlay-active av-minimum-height av-minimum-height-25 av-height-25  container_wrap sidebar_right'  data-section-bg-repeat='stretch' data-av_minimum_height_pc='25' data-av_min_height_opt='25'><div class=\"av-section-color-overlay-wrap\"><div class=\"av-section-color-overlay\"><\/div><div class='container av-section-cont-open' ><main  role=\"main\" itemprop=\"mainContentOfPage\"  class='template-page content  av-content-small alpha units'><div class='post-entry post-entry-type-page post-entry-939'><div class='entry-content-wrapper clearfix'>\n<div  class='flex_column av-b8ve8-9cfc52a06ebfeb41096ee3e92384aa62 av_one_full  avia-builder-el-1  avia-builder-el-no-sibling  first flex_column_div  '     ><style type=\"text\/css\" data-created_by=\"avia_inline_auto\" id=\"style-css-av-lu6ohwif-58b50188a20b9a5e3851a77f9922a014\">\n#top .av-special-heading.av-lu6ohwif-58b50188a20b9a5e3851a77f9922a014{\npadding-bottom:10px;\ncolor:#ffffff;\n}\nbody .av-special-heading.av-lu6ohwif-58b50188a20b9a5e3851a77f9922a014 .av-special-heading-tag .heading-char{\nfont-size:25px;\n}\n.av-special-heading.av-lu6ohwif-58b50188a20b9a5e3851a77f9922a014 .special-heading-inner-border{\nborder-color:#ffffff;\n}\n.av-special-heading.av-lu6ohwif-58b50188a20b9a5e3851a77f9922a014 .av-subheading{\nfont-size:15px;\ncolor:#ffffff;\n}\n<\/style>\n<div  class='av-special-heading av-lu6ohwif-58b50188a20b9a5e3851a77f9922a014 av-special-heading-h1 custom-color-heading blockquote modern-quote  avia-builder-el-2  avia-builder-el-no-sibling '><h1 class='av-special-heading-tag '  itemprop=\"headline\"  >Cenas en Cala Treumal<\/h1><div class='av_custom_color av-subheading av-subheading_below'><p>Inicio > M\u00fasica en vivo<\/p>\n<\/div><div class=\"special-heading-border\"><div class=\"special-heading-inner-border\"><\/div><\/div><\/div><\/div>\n<\/div><\/div><\/main><!-- close content main element --><\/div><\/div><\/div><div id='after_section_1'  class='main_color av_default_container_wrap container_wrap sidebar_right'  ><div class='container av-section-cont-open' ><div class='template-page content  av-content-small alpha units'><div class='post-entry post-entry-type-page post-entry-939'><div class='entry-content-wrapper clearfix'>\n<div  class='flex_column av-nmpjs-bfa27eaba5b12a4c03aae86f6a2eb214 av_one_full  avia-builder-el-3  el_after_av_section  el_before_av_one_half  avia-builder-el-first  first flex_column_div  '     ><section  class='av_textblock_section av-lu6qdbv4-642db33132bf9ee71b818283df88777b '   itemscope=\"itemscope\" itemtype=\"https:\/\/schema.org\/CreativeWork\" ><div class='avia_textblock'  itemprop=\"text\" ><p style=\"text-align: left;\">Disfruta de noches m\u00e1gicas en Cala Treumal. Sum\u00e9rgete en el ambiente vibrante y d\u00e9jate llevar por los acordes mientras disfrutas de la cocina mediterranea y la brisa marina. Descubre nuestra programaci\u00f3n de actuaciones y reserva tu mesa para una experiencia \u00fanica en la Costa Brava. Puede consultar nuestra carta <a href=\"https:\/\/new.calatreumal.com\/la-carta\/\">aqu\u00ed<\/a>. Todas las reservas por la noche son exclusivamente para cenar. Para cenar abrimos <strong>viernes y s\u00e1bados noche de julio y agosto<\/strong>.<\/p>\n<p><strong>Las cenas se reservan con un mes de antelaci\u00f3n m\u00e1ximo.<\/strong> Las mesas se gestionan por orden de reserva y gesti\u00f3n del comedor, no por demanda.<\/p>\n<\/div><\/section><\/div><div  class='flex_column av-gpb5k-0c7181a80bf579ca0bccc63c7997cfa6 av_one_half  avia-builder-el-5  el_after_av_one_full  el_before_av_one_half  first flex_column_div  column-top-margin'     ><p>\n<style type=\"text\/css\" data-created_by=\"avia_inline_auto\" id=\"style-css-av-lu6qg0am-5660a5cf60098fda81088160cce86485\">\n#top .av-special-heading.av-lu6qg0am-5660a5cf60098fda81088160cce86485{\npadding-bottom:10px;\n}\nbody .av-special-heading.av-lu6qg0am-5660a5cf60098fda81088160cce86485 .av-special-heading-tag .heading-char{\nfont-size:25px;\n}\n.av-special-heading.av-lu6qg0am-5660a5cf60098fda81088160cce86485 .av-subheading{\nfont-size:15px;\n}\n<\/style>\n<div  class='av-special-heading av-lu6qg0am-5660a5cf60098fda81088160cce86485 av-special-heading-h2 blockquote modern-quote  avia-builder-el-6  el_before_av_timeline  avia-builder-el-first '><h2 class='av-special-heading-tag '  itemprop=\"headline\"  >Calendario de eventos <\/h2><div class=\"special-heading-border\"><div class=\"special-heading-inner-border\"><\/div><\/div><\/div><br \/>\n\n<style type=\"text\/css\" data-created_by=\"avia_inline_auto\" id=\"style-css-av-lu6qjiy2-15394351fdc250486bb71034910ce990\">\n.avia-timeline-container.av-lu6qjiy2-15394351fdc250486bb71034910ce990 .av-milestone-icon-inner{\nbackground-color:#b3712d;\n}\n.avia-timeline-container.av-lu6qjiy2-15394351fdc250486bb71034910ce990 .av-milestone-indicator{\nbackground-color:#b3712d;\n}\n.avia-timeline-container.av-lu6qjiy2-15394351fdc250486bb71034910ce990 .av-milestone-article-footer{\nbackground-color:#b3712d;\n}\n<\/style>\n<div  id=\"avia-timeline-1\"  class='avia-timeline-container av-lu6qjiy2-15394351fdc250486bb71034910ce990 av-slideshow-ui  avia-builder-el-7  el_after_av_heading  avia-builder-el-last ' ><ul class='avia-timeline avia-timeline-vertical av-milestone-placement-left avia-timeline-boxshadow avia_animate_when_almost_visible'><\/ul><\/div><\/p><\/div><\/p>\n<div  class='flex_column av-8pzsg-aee51470b35f655393632d89d52121ac av_one_half  avia-builder-el-8  el_after_av_one_half  avia-builder-el-last  flex_column_div  column-top-margin'     ><style type=\"text\/css\" data-created_by=\"avia_inline_auto\" id=\"style-css-av-lu6qjzbe-0397c88375cef6ce5735cf082de14348\">\n#top .avia-gallery.av-lu6qjzbe-0397c88375cef6ce5735cf082de14348 .avia-gallery-thumb a{\nwidth:20%;\n}\n<\/style>\n<div  class='avia-gallery av-lu6qjzbe-0397c88375cef6ce5735cf082de14348 avia_animate_when_visible  avia-builder-el-9  avia-builder-el-no-sibling  avia_lazyload av-slideshow-ui av-loop-manual-endless av-control-hidden av-navigate-arrows hover-effect av-control-hidden avia-gallery-animate avia-gallery-1'  itemprop=\"image\" itemscope=\"itemscope\" itemtype=\"https:\/\/schema.org\/ImageObject\" ><meta itemprop=\"contentURL\" content=\"https:\/\/new.calatreumal.com\/ca\/noches\/\"><div class='avia-gallery-big-wrapper'><a class='avia-gallery-big fakeLightbox lightbox avia-gallery-big-crop-thumb ' href=\"https:\/\/new.calatreumal.com\/wp-content\/uploads\/2024\/02\/7BC483D3-C3F7-442F-A120-E0539C03AC72-1030x579.jpg\" data-srcset=\"https:\/\/new.calatreumal.com\/wp-content\/uploads\/2024\/02\/7BC483D3-C3F7-442F-A120-E0539C03AC72-1030x579.jpg 1030w, https:\/\/new.calatreumal.com\/wp-content\/uploads\/2024\/02\/7BC483D3-C3F7-442F-A120-E0539C03AC72-300x169.jpg 300w, https:\/\/new.calatreumal.com\/wp-content\/uploads\/2024\/02\/7BC483D3-C3F7-442F-A120-E0539C03AC72-768x432.jpg 768w, https:\/\/new.calatreumal.com\/wp-content\/uploads\/2024\/02\/7BC483D3-C3F7-442F-A120-E0539C03AC72-1536x864.jpg 1536w, https:\/\/new.calatreumal.com\/wp-content\/uploads\/2024\/02\/7BC483D3-C3F7-442F-A120-E0539C03AC72-2048x1152.jpg 2048w, https:\/\/new.calatreumal.com\/wp-content\/uploads\/2024\/02\/7BC483D3-C3F7-442F-A120-E0539C03AC72-1500x844.jpg 1500w, https:\/\/new.calatreumal.com\/wp-content\/uploads\/2024\/02\/7BC483D3-C3F7-442F-A120-E0539C03AC72-705x397.jpg 705w\" data-sizes=\"(max-width: 1030px) 100vw, 1030px\"  data-onclick='1' title='7BC483D3-C3F7-442F-A120-E0539C03AC72' ><span class='avia-gallery-big-inner'  itemprop=\"thumbnailUrl\" ><img decoding=\"async\" fetchpriority=\"high\" class=\"wp-image-622 avia-img-lazy-loading-not-622\"  width=\"495\" height=\"400\" src=\"https:\/\/new.calatreumal.com\/wp-content\/uploads\/2024\/02\/7BC483D3-C3F7-442F-A120-E0539C03AC72-495x400.jpg\" title='7BC483D3-C3F7-442F-A120-E0539C03AC72' alt='M\u00fasica en directo en Cala Treumal ' srcset=\"https:\/\/new.calatreumal.com\/wp-content\/uploads\/2024\/02\/7BC483D3-C3F7-442F-A120-E0539C03AC72-495x400.jpg 495w, https:\/\/new.calatreumal.com\/wp-content\/uploads\/2024\/02\/7BC483D3-C3F7-442F-A120-E0539C03AC72-845x684.jpg 845w\" sizes=\"(max-width: 495px) 100vw, 495px\" \/><\/span><\/a><\/div><div class='avia-gallery-thumb'><a href=\"https:\/\/new.calatreumal.com\/wp-content\/uploads\/2024\/02\/7BC483D3-C3F7-442F-A120-E0539C03AC72-1030x579.jpg\" data-srcset=\"https:\/\/new.calatreumal.com\/wp-content\/uploads\/2024\/02\/7BC483D3-C3F7-442F-A120-E0539C03AC72-1030x579.jpg 1030w, https:\/\/new.calatreumal.com\/wp-content\/uploads\/2024\/02\/7BC483D3-C3F7-442F-A120-E0539C03AC72-300x169.jpg 300w, https:\/\/new.calatreumal.com\/wp-content\/uploads\/2024\/02\/7BC483D3-C3F7-442F-A120-E0539C03AC72-768x432.jpg 768w, https:\/\/new.calatreumal.com\/wp-content\/uploads\/2024\/02\/7BC483D3-C3F7-442F-A120-E0539C03AC72-1536x864.jpg 1536w, https:\/\/new.calatreumal.com\/wp-content\/uploads\/2024\/02\/7BC483D3-C3F7-442F-A120-E0539C03AC72-2048x1152.jpg 2048w, https:\/\/new.calatreumal.com\/wp-content\/uploads\/2024\/02\/7BC483D3-C3F7-442F-A120-E0539C03AC72-1500x844.jpg 1500w, https:\/\/new.calatreumal.com\/wp-content\/uploads\/2024\/02\/7BC483D3-C3F7-442F-A120-E0539C03AC72-705x397.jpg 705w\" data-sizes=\"(max-width: 1030px) 100vw, 1030px\" data-rel='gallery-1' data-prev-img='https:\/\/new.calatreumal.com\/wp-content\/uploads\/2024\/02\/7BC483D3-C3F7-442F-A120-E0539C03AC72-495x400.jpg' class='first_thumb lightbox ' data-onclick='1' title='7BC483D3-C3F7-442F-A120-E0539C03AC72'  itemprop=\"thumbnailUrl\"  ><img decoding=\"async\" fetchpriority=\"high\" class=\"wp-image-622 avia-img-lazy-loading-not-622\"   src=\"https:\/\/new.calatreumal.com\/wp-content\/uploads\/2024\/02\/7BC483D3-C3F7-442F-A120-E0539C03AC72-495x400.jpg\" width=\"495\" height=\"400\"  title='7BC483D3-C3F7-442F-A120-E0539C03AC72' alt='M\u00fasica en directo en Cala Treumal ' srcset=\"https:\/\/new.calatreumal.com\/wp-content\/uploads\/2024\/02\/7BC483D3-C3F7-442F-A120-E0539C03AC72-495x400.jpg 495w, https:\/\/new.calatreumal.com\/wp-content\/uploads\/2024\/02\/7BC483D3-C3F7-442F-A120-E0539C03AC72-845x684.jpg 845w\" sizes=\"(max-width: 495px) 100vw, 495px\" \/><div class='big-prev-fake'><img decoding=\"async\" loading=\"lazy\" class=\"wp-image-622 avia-img-lazy-loading-622\"  width=\"495\" height=\"400\" src=\"https:\/\/new.calatreumal.com\/wp-content\/uploads\/2024\/02\/7BC483D3-C3F7-442F-A120-E0539C03AC72-495x400.jpg\" title='7BC483D3-C3F7-442F-A120-E0539C03AC72' alt='M\u00fasica en directo en Cala Treumal ' srcset=\"https:\/\/new.calatreumal.com\/wp-content\/uploads\/2024\/02\/7BC483D3-C3F7-442F-A120-E0539C03AC72-495x400.jpg 495w, https:\/\/new.calatreumal.com\/wp-content\/uploads\/2024\/02\/7BC483D3-C3F7-442F-A120-E0539C03AC72-845x684.jpg 845w\" sizes=\"auto, (max-width: 495px) 100vw, 495px\" \/><\/div><\/a><a href=\"https:\/\/new.calatreumal.com\/wp-content\/uploads\/2024\/02\/AFEABDBE-52FD-486B-A1C7-5DDBDEFBD611-1030x579.jpg\" data-srcset=\"https:\/\/new.calatreumal.com\/wp-content\/uploads\/2024\/02\/AFEABDBE-52FD-486B-A1C7-5DDBDEFBD611-1030x579.jpg 1030w, https:\/\/new.calatreumal.com\/wp-content\/uploads\/2024\/02\/AFEABDBE-52FD-486B-A1C7-5DDBDEFBD611-300x169.jpg 300w, https:\/\/new.calatreumal.com\/wp-content\/uploads\/2024\/02\/AFEABDBE-52FD-486B-A1C7-5DDBDEFBD611-768x432.jpg 768w, https:\/\/new.calatreumal.com\/wp-content\/uploads\/2024\/02\/AFEABDBE-52FD-486B-A1C7-5DDBDEFBD611-1536x864.jpg 1536w, https:\/\/new.calatreumal.com\/wp-content\/uploads\/2024\/02\/AFEABDBE-52FD-486B-A1C7-5DDBDEFBD611-2048x1152.jpg 2048w, https:\/\/new.calatreumal.com\/wp-content\/uploads\/2024\/02\/AFEABDBE-52FD-486B-A1C7-5DDBDEFBD611-1500x844.jpg 1500w, https:\/\/new.calatreumal.com\/wp-content\/uploads\/2024\/02\/AFEABDBE-52FD-486B-A1C7-5DDBDEFBD611-705x397.jpg 705w\" data-sizes=\"(max-width: 1030px) 100vw, 1030px\" data-rel='gallery-1' data-prev-img='https:\/\/new.calatreumal.com\/wp-content\/uploads\/2024\/02\/AFEABDBE-52FD-486B-A1C7-5DDBDEFBD611-495x400.jpg' class='lightbox ' data-onclick='2' title='AFEABDBE-52FD-486B-A1C7-5DDBDEFBD611'  itemprop=\"thumbnailUrl\"  ><img decoding=\"async\" fetchpriority=\"high\" class=\"wp-image-625 avia-img-lazy-loading-not-625\"   src=\"https:\/\/new.calatreumal.com\/wp-content\/uploads\/2024\/02\/AFEABDBE-52FD-486B-A1C7-5DDBDEFBD611-495x400.jpg\" width=\"495\" height=\"400\"  title='AFEABDBE-52FD-486B-A1C7-5DDBDEFBD611' alt='Entretenimiento de noche en Cala Treumal' srcset=\"https:\/\/new.calatreumal.com\/wp-content\/uploads\/2024\/02\/AFEABDBE-52FD-486B-A1C7-5DDBDEFBD611-495x400.jpg 495w, https:\/\/new.calatreumal.com\/wp-content\/uploads\/2024\/02\/AFEABDBE-52FD-486B-A1C7-5DDBDEFBD611-845x684.jpg 845w\" sizes=\"(max-width: 495px) 100vw, 495px\" \/><div class='big-prev-fake'><img decoding=\"async\" loading=\"lazy\" class=\"wp-image-625 avia-img-lazy-loading-625\"  width=\"495\" height=\"400\" src=\"https:\/\/new.calatreumal.com\/wp-content\/uploads\/2024\/02\/AFEABDBE-52FD-486B-A1C7-5DDBDEFBD611-495x400.jpg\" title='AFEABDBE-52FD-486B-A1C7-5DDBDEFBD611' alt='Entretenimiento de noche en Cala Treumal' srcset=\"https:\/\/new.calatreumal.com\/wp-content\/uploads\/2024\/02\/AFEABDBE-52FD-486B-A1C7-5DDBDEFBD611-495x400.jpg 495w, https:\/\/new.calatreumal.com\/wp-content\/uploads\/2024\/02\/AFEABDBE-52FD-486B-A1C7-5DDBDEFBD611-845x684.jpg 845w\" sizes=\"auto, (max-width: 495px) 100vw, 495px\" \/><\/div><\/a><a href=\"https:\/\/new.calatreumal.com\/wp-content\/uploads\/2024\/02\/Nits-Treumal-2-1-1030x773.jpg\" data-srcset=\"https:\/\/new.calatreumal.com\/wp-content\/uploads\/2024\/02\/Nits-Treumal-2-1-1030x773.jpg 1030w, https:\/\/new.calatreumal.com\/wp-content\/uploads\/2024\/02\/Nits-Treumal-2-1-300x225.jpg 300w, https:\/\/new.calatreumal.com\/wp-content\/uploads\/2024\/02\/Nits-Treumal-2-1-768x576.jpg 768w, https:\/\/new.calatreumal.com\/wp-content\/uploads\/2024\/02\/Nits-Treumal-2-1-1536x1152.jpg 1536w, https:\/\/new.calatreumal.com\/wp-content\/uploads\/2024\/02\/Nits-Treumal-2-1-1500x1125.jpg 1500w, https:\/\/new.calatreumal.com\/wp-content\/uploads\/2024\/02\/Nits-Treumal-2-1-705x529.jpg 705w, https:\/\/new.calatreumal.com\/wp-content\/uploads\/2024\/02\/Nits-Treumal-2-1.jpg 1600w\" data-sizes=\"(max-width: 1030px) 100vw, 1030px\" data-rel='gallery-1' data-prev-img='https:\/\/new.calatreumal.com\/wp-content\/uploads\/2024\/02\/Nits-Treumal-2-1-495x400.jpg' class='lightbox ' data-onclick='3' title='Nits Treumal 2'  itemprop=\"thumbnailUrl\"  ><img decoding=\"async\" fetchpriority=\"high\" class=\"wp-image-619 avia-img-lazy-loading-not-619\"   src=\"https:\/\/new.calatreumal.com\/wp-content\/uploads\/2024\/02\/Nits-Treumal-2-1-495x400.jpg\" width=\"495\" height=\"400\"  title='Nits Treumal 2' alt='Cenas en Cala Treumal \u00ba' srcset=\"https:\/\/new.calatreumal.com\/wp-content\/uploads\/2024\/02\/Nits-Treumal-2-1-495x400.jpg 495w, https:\/\/new.calatreumal.com\/wp-content\/uploads\/2024\/02\/Nits-Treumal-2-1-845x684.jpg 845w\" sizes=\"(max-width: 495px) 100vw, 495px\" \/><div class='big-prev-fake'><img decoding=\"async\" loading=\"lazy\" class=\"wp-image-619 avia-img-lazy-loading-619\"  width=\"495\" height=\"400\" src=\"https:\/\/new.calatreumal.com\/wp-content\/uploads\/2024\/02\/Nits-Treumal-2-1-495x400.jpg\" title='Nits Treumal 2' alt='Cenas en Cala Treumal \u00ba' srcset=\"https:\/\/new.calatreumal.com\/wp-content\/uploads\/2024\/02\/Nits-Treumal-2-1-495x400.jpg 495w, https:\/\/new.calatreumal.com\/wp-content\/uploads\/2024\/02\/Nits-Treumal-2-1-845x684.jpg 845w\" sizes=\"auto, (max-width: 495px) 100vw, 495px\" \/><\/div><\/a><a href=\"https:\/\/new.calatreumal.com\/wp-content\/uploads\/2024\/02\/IMG_7513-1030x875.jpg\" data-srcset=\"https:\/\/new.calatreumal.com\/wp-content\/uploads\/2024\/02\/IMG_7513-1030x875.jpg 1030w, https:\/\/new.calatreumal.com\/wp-content\/uploads\/2024\/02\/IMG_7513-300x255.jpg 300w, https:\/\/new.calatreumal.com\/wp-content\/uploads\/2024\/02\/IMG_7513-768x652.jpg 768w, https:\/\/new.calatreumal.com\/wp-content\/uploads\/2024\/02\/IMG_7513-1536x1304.jpg 1536w, https:\/\/new.calatreumal.com\/wp-content\/uploads\/2024\/02\/IMG_7513-2048x1739.jpg 2048w, https:\/\/new.calatreumal.com\/wp-content\/uploads\/2024\/02\/IMG_7513-1500x1274.jpg 1500w, https:\/\/new.calatreumal.com\/wp-content\/uploads\/2024\/02\/IMG_7513-705x599.jpg 705w\" data-sizes=\"(max-width: 1030px) 100vw, 1030px\" data-rel='gallery-1' data-prev-img='https:\/\/new.calatreumal.com\/wp-content\/uploads\/2024\/02\/IMG_7513-495x400.jpg' class='lightbox ' data-onclick='4' title='IMG_7513'  itemprop=\"thumbnailUrl\"  ><img decoding=\"async\" fetchpriority=\"high\" class=\"wp-image-616 avia-img-lazy-loading-not-616\"   src=\"https:\/\/new.calatreumal.com\/wp-content\/uploads\/2024\/02\/IMG_7513-495x400.jpg\" width=\"495\" height=\"400\"  title='IMG_7513' alt='M\u00fasica en directo en Cala Treumal ' srcset=\"https:\/\/new.calatreumal.com\/wp-content\/uploads\/2024\/02\/IMG_7513-495x400.jpg 495w, https:\/\/new.calatreumal.com\/wp-content\/uploads\/2024\/02\/IMG_7513-845x684.jpg 845w\" sizes=\"(max-width: 495px) 100vw, 495px\" \/><div class='big-prev-fake'><img decoding=\"async\" loading=\"lazy\" class=\"wp-image-616 avia-img-lazy-loading-616\"  width=\"495\" height=\"400\" src=\"https:\/\/new.calatreumal.com\/wp-content\/uploads\/2024\/02\/IMG_7513-495x400.jpg\" title='IMG_7513' alt='M\u00fasica en directo en Cala Treumal ' srcset=\"https:\/\/new.calatreumal.com\/wp-content\/uploads\/2024\/02\/IMG_7513-495x400.jpg 495w, https:\/\/new.calatreumal.com\/wp-content\/uploads\/2024\/02\/IMG_7513-845x684.jpg 845w\" sizes=\"auto, (max-width: 495px) 100vw, 495px\" \/><\/div><\/a><\/div><\/div><\/div>\n","protected":false},"excerpt":{"rendered":"","protected":false},"author":1,"featured_media":0,"parent":0,"menu_order":0,"comment_status":"closed","ping_status":"closed","template":"","meta":{"footnotes":""},"class_list":["post-939","page","type-page","status-publish","hentry"],"yoast_head":"<!-- This site is optimized with the Yoast SEO plugin v27.1.1 - https:\/\/yoast.com\/product\/yoast-seo-wordpress\/ -->\n<title>Noches - Calatreumal<\/title>\n<meta name=\"robots\" content=\"noindex, follow, max-snippet:-1, max-image-preview:large, max-video-preview:-1\" \/>\n<meta property=\"og:locale\" content=\"ca_ES\" \/>\n<meta property=\"og:type\" content=\"article\" \/>\n<meta property=\"og:title\" content=\"Noches - Calatreumal\" \/>\n<meta property=\"og:url\" content=\"https:\/\/new.calatreumal.com\/ca\/noches\/\" \/>\n<meta property=\"og:site_name\" content=\"Calatreumal\" \/>\n<meta property=\"article:modified_time\" content=\"2025-09-08T08:04:28+00:00\" \/>\n<meta name=\"twitter:card\" content=\"summary_large_image\" \/>\n<meta name=\"twitter:label1\" content=\"Temps estimat de lectura\" \/>\n\t<meta name=\"twitter:data1\" content=\"15 minuts\" \/>\n<script type=\"application\/ld+json\" class=\"yoast-schema-graph\">{\"@context\":\"https:\/\/schema.org\",\"@graph\":[{\"@type\":\"WebPage\",\"@id\":\"https:\/\/new.calatreumal.com\/ca\/noches\/\",\"url\":\"https:\/\/new.calatreumal.com\/ca\/noches\/\",\"name\":\"Noches - Calatreumal\",\"isPartOf\":{\"@id\":\"https:\/\/new.calatreumal.com\/ca\/#website\"},\"datePublished\":\"2024-03-25T08:21:04+00:00\",\"dateModified\":\"2025-09-08T08:04:28+00:00\",\"breadcrumb\":{\"@id\":\"https:\/\/new.calatreumal.com\/ca\/noches\/#breadcrumb\"},\"inLanguage\":\"ca\",\"potentialAction\":[{\"@type\":\"ReadAction\",\"target\":[\"https:\/\/new.calatreumal.com\/ca\/noches\/\"]}]},{\"@type\":\"BreadcrumbList\",\"@id\":\"https:\/\/new.calatreumal.com\/ca\/noches\/#breadcrumb\",\"itemListElement\":[{\"@type\":\"ListItem\",\"position\":1,\"name\":\"Home\",\"item\":\"https:\/\/new.calatreumal.com\/ca\/\"},{\"@type\":\"ListItem\",\"position\":2,\"name\":\"Noches\"}]},{\"@type\":\"WebSite\",\"@id\":\"https:\/\/new.calatreumal.com\/ca\/#website\",\"url\":\"https:\/\/new.calatreumal.com\/ca\/\",\"name\":\"Calatreumal\",\"description\":\"\",\"potentialAction\":[{\"@type\":\"SearchAction\",\"target\":{\"@type\":\"EntryPoint\",\"urlTemplate\":\"https:\/\/new.calatreumal.com\/ca\/?s={search_term_string}\"},\"query-input\":{\"@type\":\"PropertyValueSpecification\",\"valueRequired\":true,\"valueName\":\"search_term_string\"}}],\"inLanguage\":\"ca\"}]}<\/script>\n<!-- \/ Yoast SEO plugin. -->","yoast_head_json":{"title":"Noches - Calatreumal","robots":{"index":"noindex","follow":"follow","max-snippet":"max-snippet:-1","max-image-preview":"max-image-preview:large","max-video-preview":"max-video-preview:-1"},"og_locale":"ca_ES","og_type":"article","og_title":"Noches - Calatreumal","og_url":"https:\/\/new.calatreumal.com\/ca\/noches\/","og_site_name":"Calatreumal","article_modified_time":"2025-09-08T08:04:28+00:00","twitter_card":"summary_large_image","twitter_misc":{"Temps estimat de lectura":"15 minuts"},"schema":{"@context":"https:\/\/schema.org","@graph":[{"@type":"WebPage","@id":"https:\/\/new.calatreumal.com\/ca\/noches\/","url":"https:\/\/new.calatreumal.com\/ca\/noches\/","name":"Noches - Calatreumal","isPartOf":{"@id":"https:\/\/new.calatreumal.com\/ca\/#website"},"datePublished":"2024-03-25T08:21:04+00:00","dateModified":"2025-09-08T08:04:28+00:00","breadcrumb":{"@id":"https:\/\/new.calatreumal.com\/ca\/noches\/#breadcrumb"},"inLanguage":"ca","potentialAction":[{"@type":"ReadAction","target":["https:\/\/new.calatreumal.com\/ca\/noches\/"]}]},{"@type":"BreadcrumbList","@id":"https:\/\/new.calatreumal.com\/ca\/noches\/#breadcrumb","itemListElement":[{"@type":"ListItem","position":1,"name":"Home","item":"https:\/\/new.calatreumal.com\/ca\/"},{"@type":"ListItem","position":2,"name":"Noches"}]},{"@type":"WebSite","@id":"https:\/\/new.calatreumal.com\/ca\/#website","url":"https:\/\/new.calatreumal.com\/ca\/","name":"Calatreumal","description":"","potentialAction":[{"@type":"SearchAction","target":{"@type":"EntryPoint","urlTemplate":"https:\/\/new.calatreumal.com\/ca\/?s={search_term_string}"},"query-input":{"@type":"PropertyValueSpecification","valueRequired":true,"valueName":"search_term_string"}}],"inLanguage":"ca"}]}},"_links":{"self":[{"href":"https:\/\/new.calatreumal.com\/ca\/wp-json\/wp\/v2\/pages\/939","targetHints":{"allow":["GET"]}}],"collection":[{"href":"https:\/\/new.calatreumal.com\/ca\/wp-json\/wp\/v2\/pages"}],"about":[{"href":"https:\/\/new.calatreumal.com\/ca\/wp-json\/wp\/v2\/types\/page"}],"author":[{"embeddable":true,"href":"https:\/\/new.calatreumal.com\/ca\/wp-json\/wp\/v2\/users\/1"}],"replies":[{"embeddable":true,"href":"https:\/\/new.calatreumal.com\/ca\/wp-json\/wp\/v2\/comments?post=939"}],"version-history":[{"count":0,"href":"https:\/\/new.calatreumal.com\/ca\/wp-json\/wp\/v2\/pages\/939\/revisions"}],"wp:attachment":[{"href":"https:\/\/new.calatreumal.com\/ca\/wp-json\/wp\/v2\/media?parent=939"}],"curies":[{"name":"wp","href":"https:\/\/api.w.org\/{rel}","templated":true}]}}